{"id":67,"date":"2023-08-13T15:40:20","date_gmt":"2023-08-13T13:40:20","guid":{"rendered":"https:\/\/imperifyme.com\/?page_id=67"},"modified":"2023-08-13T15:51:32","modified_gmt":"2023-08-13T13:51:32","slug":"refund_returns","status":"publish","type":"page","link":"https:\/\/imperifyme.com\/en\/refund_returns\/","title":{"rendered":"Refusjon og retur"},"content":{"rendered":"<div data-elementor-type=\"wp-page\" data-elementor-id=\"67\" class=\"elementor elementor-67\" data-elementor-post-type=\"page\">\n\t\t\t\t<div class=\"elementor-element elementor-element-7cde13f e-con-full e-flex e-con e-parent\" data-id=\"7cde13f\" data-element_type=\"container\">\n\t\t<div class=\"elementor-element elementor-element-9d5bf46 e-con-full e-flex e-con e-child\" data-id=\"9d5bf46\" data-element_type=\"container\" data-settings=\"{&quot;background_background&quot;:&quot;classic&quot;}\">\n\t\t\t\t<div class=\"elementor-element elementor-element-a0753a8 elementor-widget elementor-widget-heading\" data-id=\"a0753a8\" data-element_type=\"widget\" data-widget_type=\"heading.default\">\n\t\t\t\t<div class=\"elementor-widget-container\">\n\t\t\t\t\t<h2 class=\"elementor-heading-title elementor-size-default\">Returer og refusjoner<\/h2>\t\t\t\t<\/div>\n\t\t\t\t<\/div>\n\t\t\t\t<div class=\"elementor-element elementor-element-d83e10b elementor-widget elementor-widget-text-editor\" data-id=\"d83e10b\" data-element_type=\"widget\" data-widget_type=\"text-editor.default\">\n\t\t\t\t<div class=\"elementor-widget-container\">\n\t\t\t\t\t\t\t\t\t<p>Sist oppdatert: 13. August 2023<\/p>\t\t\t\t\t\t\t\t<\/div>\n\t\t\t\t<\/div>\n\t\t\t\t<div class=\"elementor-element elementor-element-f7efb21 elementor-widget elementor-widget-heading\" data-id=\"f7efb21\" data-element_type=\"widget\" data-widget_type=\"heading.default\">\n\t\t\t\t<div class=\"elementor-widget-container\">\n\t\t\t\t\t<h2 class=\"elementor-heading-title elementor-size-default\">Hva er refusjonspolicyen v\u00e5r? (V\u00e5r garanti)<\/h2>\t\t\t\t<\/div>\n\t\t\t\t<\/div>\n\t\t\t\t<div class=\"elementor-element elementor-element-5311dd0 elementor-widget elementor-widget-text-editor\" data-id=\"5311dd0\" data-element_type=\"widget\" data-widget_type=\"text-editor.default\">\n\t\t\t\t<div class=\"elementor-widget-container\">\n\t\t\t\t\t\t\t\t\t<p>Forn\u00f8yde kunder er det som gj\u00f8r oss til det beste tilpassede kongelige portrettnettstedet. Din tilfredshet er v\u00e5r h\u00f8yeste prioritet, og vi vil gj\u00f8re alt for \u00e5 sikre at du elsker portrettet ditt.<\/p>\n<p><strong>Modifikasjoner<\/strong><br \/>Hvis du ikke er forn\u00f8yd etter \u00e5 ha sett forh\u00e5ndsvisningen av portrettet, kan du be om revisjoner \u2013 vi gj\u00f8r ubegrensede endringer gratis! Skulle du selv etter flere modifikasjoner bestemme at du ikke er forn\u00f8yd med resultatet, vil vi selvf\u00f8lgelig respektere din avgj\u00f8relse. I s\u00e5 fall, vennligst skriv til v\u00e5r kundest\u00f8tte slik at vi kan finne den beste l\u00f8sningen for deg.<\/p>\t\t\t\t\t\t\t\t<\/div>\n\t\t\t\t<\/div>\n\t\t\t\t<div class=\"elementor-element elementor-element-424bd62 elementor-widget elementor-widget-heading\" data-id=\"424bd62\" data-element_type=\"widget\" data-widget_type=\"heading.default\">\n\t\t\t\t<div class=\"elementor-widget-container\">\n\t\t\t\t\t<h2 class=\"elementor-heading-title elementor-size-default\">Hvis jeg ombestemmer meg, kan jeg kansellere bestillingen min?<\/h2>\t\t\t\t<\/div>\n\t\t\t\t<\/div>\n\t\t\t\t<div class=\"elementor-element elementor-element-7738e72 elementor-widget elementor-widget-text-editor\" data-id=\"7738e72\" data-element_type=\"widget\" data-widget_type=\"text-editor.default\">\n\t\t\t\t<div class=\"elementor-widget-container\">\n\t\t\t\t\t\t\t\t\t<p>Ja. S\u00e5 lenge kanselleringsforesp\u00f8rselen din gj\u00f8res innen 24 timer etter at du har lagt inn bestillingen.<\/p>\n<p>Etter 24 timers perioden vil kanselleringer bli akseptert etter v\u00e5rt skj\u00f8nn. Vi vil kanskje belaste deg med et avbestillingsgebyr p\u00e5 20 %, siden arbeidet allerede er gjort med bestillingen din.<\/p>\t\t\t\t\t\t\t\t<\/div>\n\t\t\t\t<\/div>\n\t\t\t\t<\/div>\n\t\t\t\t<\/div>\n\t\t\t\t<\/div>","protected":false},"excerpt":{"rendered":"<p>Returns &#038; Refunds Last updated: August 13, 2023 What is our refund policy? (Our Guarantee) Satisfied customers are what make us the best custom royal portrait website. Your satisfaction is our top priority &amp; we will do everything to ensure that you love your portrait. ModificationsIf you are not happy after viewing the preview of [&hellip;]<\/p>","protected":false},"author":1,"featured_media":0,"parent":0,"menu_order":0,"comment_status":"closed","ping_status":"closed","template":"","meta":{"footnotes":""},"class_list":["post-67","page","type-page","status-publish","hentry"],"blocksy_meta":[],"jetpack_sharing_enabled":true,"_links":{"self":[{"href":"https:\/\/imperifyme.com\/en\/wp-json\/wp\/v2\/pages\/67","targetHints":{"allow":["GET"]}}],"collection":[{"href":"https:\/\/imperifyme.com\/en\/wp-json\/wp\/v2\/pages"}],"about":[{"href":"https:\/\/imperifyme.com\/en\/wp-json\/wp\/v2\/types\/page"}],"author":[{"embeddable":true,"href":"https:\/\/imperifyme.com\/en\/wp-json\/wp\/v2\/users\/1"}],"replies":[{"embeddable":true,"href":"https:\/\/imperifyme.com\/en\/wp-json\/wp\/v2\/comments?post=67"}],"version-history":[{"count":0,"href":"https:\/\/imperifyme.com\/en\/wp-json\/wp\/v2\/pages\/67\/revisions"}],"wp:attachment":[{"href":"https:\/\/imperifyme.com\/en\/wp-json\/wp\/v2\/media?parent=67"}],"curies":[{"name":"wp","href":"https:\/\/api.w.org\/{rel}","templated":true}]}}